{"id":10,"date":"2025-09-17T21:23:03","date_gmt":"2025-09-17T21:23:03","guid":{"rendered":"https:\/\/camaraextrema.mg.gov.br\/reuniao\/?page_id=10"},"modified":"2025-09-22T18:40:41","modified_gmt":"2025-09-22T18:40:41","slug":"inicio","status":"publish","type":"page","link":"https:\/\/camaraextrema.mg.gov.br\/reuniao\/","title":{"rendered":"inicio"},"content":{"rendered":"\t\t<div data-elementor-type=\"wp-page\" data-elementor-id=\"10\" class=\"elementor elementor-10\" data-elementor-post-type=\"page\">\n\t\t\t\t<div class=\"elementor-element elementor-element-6f1ce09 e-flex e-con-boxed e-con e-parent\" data-id=\"6f1ce09\" data-element_type=\"container\">\n\t\t\t\t\t<div class=\"e-con-inner\">\n\t\t\t\t<div class=\"elementor-element elementor-element-00c5867 elementor-grid-2 elementor-grid-tablet-1 elementor-grid-mobile-1 elementor-widget elementor-widget-loop-grid\" data-id=\"00c5867\" data-element_type=\"widget\" data-settings=\"{&quot;template_id&quot;:&quot;106&quot;,&quot;columns&quot;:2,&quot;columns_tablet&quot;:1,&quot;row_gap&quot;:{&quot;unit&quot;:&quot;px&quot;,&quot;size&quot;:0,&quot;sizes&quot;:[]},&quot;_skin&quot;:&quot;post&quot;,&quot;columns_mobile&quot;:&quot;1&quot;,&quot;edit_handle_selector&quot;:&quot;[data-elementor-type=\\&quot;loop-item\\&quot;]&quot;,&quot;row_gap_tablet&quot;:{&quot;unit&quot;:&quot;px&quot;,&quot;size&quot;:&quot;&quot;,&quot;sizes&quot;:[]},&quot;row_gap_mobile&quot;:{&quot;unit&quot;:&quot;px&quot;,&quot;size&quot;:&quot;&quot;,&quot;sizes&quot;:[]}}\" data-widget_type=\"loop-grid.post\">\n\t\t\t\t<div class=\"elementor-widget-container\">\n\t\t\t\t\t\t\t<div class=\"elementor-loop-container elementor-grid\" role=\"list\">\n\t\t<style id=\"loop-106\">.elementor-106 .elementor-element.elementor-element-804c3d1{--display:flex;--flex-direction:row;--container-widget-width:initial;--container-widget-height:100%;--container-widget-flex-grow:1;--container-widget-align-self:stretch;--flex-wrap-mobile:wrap;--margin-top:0px;--margin-bottom:0px;--margin-left:0px;--margin-right:0px;--padding-top:50px;--padding-bottom:50px;--padding-left:50px;--padding-right:50px;}.elementor-106 .elementor-element.elementor-element-804c3d1:not(.elementor-motion-effects-element-type-background), .elementor-106 .elementor-element.elementor-element-804c3d1 > .elementor-motion-effects-container > .elementor-motion-effects-layer{background-color:#EBEBEB;}.elementor-106 .elementor-element.elementor-element-5d082b6c{--display:flex;--flex-direction:column;--container-widget-width:100%;--container-widget-height:initial;--container-widget-flex-grow:0;--container-widget-align-self:initial;--flex-wrap-mobile:wrap;--gap:20px 20px;--row-gap:20px;--column-gap:20px;--margin-top:0px;--margin-bottom:0px;--margin-left:0px;--margin-right:0px;--padding-top:0px;--padding-bottom:0px;--padding-left:0px;--padding-right:0px;}.elementor-widget-heading .elementor-heading-title{font-family:var( --e-global-typography-primary-font-family ), Sans-serif;font-weight:var( --e-global-typography-primary-font-weight );color:var( --e-global-color-primary );}.elementor-106 .elementor-element.elementor-element-5ceccd03 .elementor-heading-title{font-family:\"Poppins\", Sans-serif;font-weight:600;font-style:normal;text-decoration:none;line-height:1.2em;letter-spacing:0px;color:#003394;}.elementor-106 .elementor-element.elementor-element-2ee7cef1{--display:flex;--flex-direction:column;--container-widget-width:calc( ( 1 - var( --container-widget-flex-grow ) ) * 100% );--container-widget-height:initial;--container-widget-flex-grow:0;--container-widget-align-self:initial;--flex-wrap-mobile:wrap;--justify-content:flex-start;--align-items:flex-start;--gap:5px 5px;--row-gap:5px;--column-gap:5px;--margin-top:0px;--margin-bottom:0px;--margin-left:0px;--margin-right:0px;--padding-top:0px;--padding-bottom:0px;--padding-left:0px;--padding-right:0px;}.elementor-106 .elementor-element.elementor-element-2ee7cef1.e-con{--align-self:center;--flex-grow:1;--flex-shrink:0;}.elementor-widget-text-editor{font-family:var( --e-global-typography-text-font-family ), Sans-serif;font-weight:var( --e-global-typography-text-font-weight );color:var( --e-global-color-text );}.elementor-widget-text-editor.elementor-drop-cap-view-stacked .elementor-drop-cap{background-color:var( --e-global-color-primary );}.elementor-widget-text-editor.elementor-drop-cap-view-framed .elementor-drop-cap, .elementor-widget-text-editor.elementor-drop-cap-view-default .elementor-drop-cap{color:var( --e-global-color-primary );border-color:var( --e-global-color-primary );}.elementor-106 .elementor-element.elementor-element-3e61284f{width:auto;max-width:auto;margin:0px 0px calc(var(--kit-widget-spacing, 0px) + 0px) 0px;font-family:\"Poppins\", Sans-serif;font-weight:600;}.elementor-106 .elementor-element.elementor-element-3e61284f.elementor-element{--align-self:flex-start;--order:-99999 \/* order start hack *\/;--flex-grow:0;--flex-shrink:0;}.elementor-106 .elementor-element.elementor-element-6a029da4{width:auto;max-width:auto;margin:0px 0px calc(var(--kit-widget-spacing, 0px) + 0px) 0px;font-family:\"Poppins\", Sans-serif;font-weight:600;}.elementor-widget-button .elementor-button{background-color:var( --e-global-color-accent );font-family:var( --e-global-typography-accent-font-family ), Sans-serif;font-weight:var( --e-global-typography-accent-font-weight );}.elementor-106 .elementor-element.elementor-element-0ed645f .elementor-button:hover, .elementor-106 .elementor-element.elementor-element-0ed645f .elementor-button:focus{background-color:var( --e-global-color-c9db5bd );color:#FFFFFF;}.elementor-106 .elementor-element.elementor-element-0ed645f .elementor-button:hover svg, .elementor-106 .elementor-element.elementor-element-0ed645f .elementor-button:focus svg{fill:#FFFFFF;}@media(max-width:1024px){.elementor-106 .elementor-element.elementor-element-5ceccd03{text-align:center;}.elementor-106 .elementor-element.elementor-element-5ceccd03 .elementor-heading-title{font-size:45px;}}@media(max-width:767px){.elementor-106 .elementor-element.elementor-element-5d082b6c{--padding-top:80px;--padding-bottom:100px;--padding-left:15px;--padding-right:15px;}.elementor-106 .elementor-element.elementor-element-5ceccd03 .elementor-heading-title{font-size:28px;line-height:1.1em;}}<\/style>\t\t<div data-elementor-type=\"loop-item\" data-elementor-id=\"106\" class=\"elementor elementor-106 e-loop-item e-loop-item-271 post-271 reuniao type-reuniao status-publish hentry\" data-elementor-post-type=\"elementor_library\" data-custom-edit-handle=\"1\">\n\t\t\t<div class=\"elementor-element elementor-element-804c3d1 e-con-full e-flex e-con e-parent\" data-id=\"804c3d1\" data-element_type=\"container\" data-settings=\"{&quot;background_background&quot;:&quot;classic&quot;}\">\n\t\t<div class=\"elementor-element elementor-element-5d082b6c e-con-full e-flex e-con e-child\" data-id=\"5d082b6c\" data-element_type=\"container\">\n\t\t\t\t<div class=\"elementor-element elementor-element-5ceccd03 elementor-invisible elementor-widget elementor-widget-heading\" data-id=\"5ceccd03\" data-element_type=\"widget\" data-settings=\"{&quot;_animation&quot;:&quot;fadeIn&quot;}\" data-widget_type=\"heading.default\">\n\t\t\t\t\t<h4 class=\"elementor-heading-title elementor-size-default\">10\u00aa Reuni\u00e3o Ordin\u00e1ria<\/h4>\t\t\t\t<\/div>\n\t\t<div class=\"elementor-element elementor-element-2ee7cef1 e-con-full e-flex e-con e-child\" data-id=\"2ee7cef1\" data-element_type=\"container\">\n\t\t\t\t<div class=\"elementor-element elementor-element-3e61284f elementor-widget__width-auto elementor-widget elementor-widget-text-editor\" data-id=\"3e61284f\" data-element_type=\"widget\" data-widget_type=\"text-editor.default\">\n\t\t\t\t\t\t\t\t\tData: 04\/05\/2026\t\t\t\t\t\t\t\t<\/div>\n\t\t\t\t<div class=\"elementor-element elementor-element-6a029da4 elementor-widget__width-auto elementor-widget elementor-widget-text-editor\" data-id=\"6a029da4\" data-element_type=\"widget\" data-widget_type=\"text-editor.default\">\n\t\t\t\t\t\t\t\t\tHor\u00e1rio: 19:30\t\t\t\t\t\t\t\t<\/div>\n\t\t\t\t<\/div>\n\t\t\t\t<div class=\"elementor-element elementor-element-45aea066 elementor-widget elementor-widget-shortcode\" data-id=\"45aea066\" data-element_type=\"widget\" data-widget_type=\"shortcode.default\">\n\t\t\t\t\t\t\t<div class=\"elementor-shortcode\"><span style=\"color:green; font-weight:bold;\">\ud83d\udfe2 4 vagas dispon\u00edveis<\/span>\n\n<\/div>\n\t\t\t\t\t\t<\/div>\n\t\t\t\t<div class=\"elementor-element elementor-element-0ed645f elementor-widget elementor-widget-button\" data-id=\"0ed645f\" data-element_type=\"widget\" data-widget_type=\"button.default\">\n\t\t\t\t\t\t\t\t\t\t<a class=\"elementor-button elementor-button-link elementor-size-sm\" href=\"https:\/\/camaraextrema.mg.gov.br\/reuniao\/reuniao\/5a-reuniao-ordinaria\/\">\n\t\t\t\t\t\t<span class=\"elementor-button-content-wrapper\">\n\t\t\t\t\t\t\t\t\t<span class=\"elementor-button-text\">Clique aqui para participar<\/span>\n\t\t\t\t\t<\/span>\n\t\t\t\t\t<\/a>\n\t\t\t\t\t\t\t\t<\/div>\n\t\t\t\t<\/div>\n\t\t\t\t<\/div>\n\t\t\t\t<\/div>\n\t\t\t\t<\/div>\n\t\t\n\t\t\t\t\t\t<\/div>\n\t\t\t\t<\/div>\n\t\t\t\t\t<\/div>\n\t\t\t\t<\/div>\n\t\t<div class=\"elementor-element elementor-element-db78910 e-flex e-con-boxed e-con e-parent\" data-id=\"db78910\" data-element_type=\"container\">\n\t\t\t\t\t<div class=\"e-con-inner\">\n\t\t\t\t<div class=\"elementor-element elementor-element-4004016 elementor-widget__width-initial elementor-widget elementor-widget-text-editor\" data-id=\"4004016\" data-element_type=\"widget\" data-widget_type=\"text-editor.default\">\n\t\t\t\t\t\t\t\t\t<p><strong>I \u2013 Orienta\u00e7\u00f5es Gerais sobre o Uso da Tribuna Livre:<\/strong><\/p>\n<ol>\n<li>A Tribuna Livre encontra-se prevista no art. 100 do Regimento Interno da C\u00e2mara Municipal de Extrema (Resolu\u00e7\u00e3o n\u00ba. 218\/2020), regulamentada pela Portaria n\u00ba. 115\/2025, da Mesa Diretora.<\/li>\n<li>A Tribuna Livre ser\u00e1 realizada, facultativamente, ao final da ordem do dia das reuni\u00f5es ordin\u00e1rias da C\u00e2mara Municipal de Extrema, n\u00e3o ocorrendo durante os meses de recesso parlamentar.<\/li>\n<li>Poder\u00e3o inscrever-se quaisquer cidad\u00e3os devidamente identificados, preferencialmente por meio eletr\u00f4nico\/online, ou presencialmente, na Secretaria Parlamentar.<\/li>\n<li>A inscri\u00e7\u00e3o deve conter: nome completo, documento oficial de identifica\u00e7\u00e3o, endere\u00e7o, contato atualizado (telefone e\/ou e-mail) e o assunto a ser tratado.<\/li>\n<li>O Presidente da C\u00e2mara autorizar\u00e1 a participa\u00e7\u00e3o de at\u00e9 06 (seis) cidad\u00e3os por sess\u00e3o, assegurando o tempo de 05 (cinco) minutos para cada um.<\/li>\n<li>As inscri\u00e7\u00f5es poder\u00e3o ser realizadas at\u00e9 10 (dez) minutos antes do in\u00edcio da reuni\u00e3o, ressalvada a hip\u00f3tese de anteced\u00eancia m\u00ednima de 02 (dois) dias, quando houver interesse em eventual convoca\u00e7\u00e3o de Secret\u00e1rio Municipal.<\/li>\n<li>O participante dever\u00e1 se ater exclusivamente ao tema informado no ato da inscri\u00e7\u00e3o, sob pena de cassa\u00e7\u00e3o da palavra.<\/li>\n<li>\u00c9 vedada a utiliza\u00e7\u00e3o de express\u00f5es ofensivas, injuriosas, discriminat\u00f3rias ou que atentem contra a honra de autoridades e cidad\u00e3os, bem como manifesta\u00e7\u00f5es contr\u00e1rias \u00e0 dignidade ou ao decoro parlamentar.<\/li>\n<\/ol>\n<ul>\n<li>Nessas hip\u00f3teses, a palavra ser\u00e1 cassada imediatamente pelo Presidente da C\u00e2mara, sem preju\u00edzo das medidas legais cab\u00edveis.<\/li>\n<li>O descumprimento reiterado poder\u00e1 ensejar restri\u00e7\u00e3o tempor\u00e1ria \u00e0 participa\u00e7\u00e3o em futuras inscri\u00e7\u00f5es.<\/li>\n<\/ul>\n<ol>\n<li>A responsabilidade civil, penal ou administrativa decorrente das manifesta\u00e7\u00f5es feitas na Tribuna Livre ser\u00e1 exclusivamente do orador.<\/li>\n<\/ol><div><br><\/div><div><br><\/div>\n<p><strong>II \u2013 Ci\u00eancia e Anu\u00eancia quanto \u00e0 LGPD:<\/strong><strong>&nbsp;<\/strong><\/p>\n<ol>\n<li>A inscri\u00e7\u00e3o e participa\u00e7\u00e3o na Tribuna Livre implicam consentimento expresso para a capta\u00e7\u00e3o, transmiss\u00e3o e armazenamento de sua imagem, voz e dados pessoais durante a sess\u00e3o legislativa.<\/li>\n<li>As grava\u00e7\u00f5es em \u00e1udio e v\u00eddeo poder\u00e3o ser disponibilizadas nos canais oficiais da C\u00e2mara Municipal, em redes sociais e demais meios institucionais de comunica\u00e7\u00e3o, exclusivamente para fins de transpar\u00eancia, registro hist\u00f3rico e divulga\u00e7\u00e3o das atividades do Legislativo.<\/li>\n<li>\u00c9 vedada a utiliza\u00e7\u00e3o comercial da imagem, voz ou dados coletados no \u00e2mbito da Tribuna Livre.<\/li>\n<li>O tratamento de dados pessoais observar\u00e1 os princ\u00edpios da Lei Geral de Prote\u00e7\u00e3o de Dados Pessoais (Lei n\u00ba 13.709\/2018 \u2013 LGPD), em especial a finalidade, necessidade, seguran\u00e7a e transpar\u00eancia.<\/li>\n<li>O participante poder\u00e1 exercer, a qualquer tempo, os direitos previstos na LGPD mediante requerimento formal \u00e0 Secretaria Parlamentar da C\u00e2mara Municipal de Extrema.<\/li>\n<\/ol>\n<p><strong>Declaro, para todos os fins, estar ciente e de acordo com as orienta\u00e7\u00f5es acima e com o tratamento de meus dados pessoais pela C\u00e2mara Municipal de Extrema, nos termos da LGPD.<\/strong><\/p>\t\t\t\t\t\t\t\t<\/div>\n\t\t\t\t\t<\/div>\n\t\t\t\t<\/div>\n\t\t\t\t<\/div>\n\t\t","protected":false},"excerpt":{"rendered":"<p>I \u2013 Orienta\u00e7\u00f5es Gerais sobre o Uso da Tribuna Livre: A Tribuna Livre encontra-se prevista no art. 100 do Regimento Interno da C\u00e2mara Municipal de Extrema (Resolu\u00e7\u00e3o n\u00ba. 218\/2020), regulamentada pela Portaria n\u00ba. 115\/2025, da Mesa Diretora. A Tribuna Livre ser\u00e1 realizada, facultativamente, ao final da ordem do dia das reuni\u00f5es ordin\u00e1rias da C\u00e2mara Municipal [&hellip;]<\/p>\n","protected":false},"author":1,"featured_media":0,"parent":0,"menu_order":0,"comment_status":"closed","ping_status":"closed","template":"","meta":{"_acf_changed":false,"footnotes":""},"class_list":["post-10","page","type-page","status-publish","hentry"],"acf":[],"_links":{"self":[{"href":"https:\/\/camaraextrema.mg.gov.br\/reuniao\/wp-json\/wp\/v2\/pages\/10","targetHints":{"allow":["GET"]}}],"collection":[{"href":"https:\/\/camaraextrema.mg.gov.br\/reuniao\/wp-json\/wp\/v2\/pages"}],"about":[{"href":"https:\/\/camaraextrema.mg.gov.br\/reuniao\/wp-json\/wp\/v2\/types\/page"}],"author":[{"embeddable":true,"href":"https:\/\/camaraextrema.mg.gov.br\/reuniao\/wp-json\/wp\/v2\/users\/1"}],"replies":[{"embeddable":true,"href":"https:\/\/camaraextrema.mg.gov.br\/reuniao\/wp-json\/wp\/v2\/comments?post=10"}],"version-history":[{"count":56,"href":"https:\/\/camaraextrema.mg.gov.br\/reuniao\/wp-json\/wp\/v2\/pages\/10\/revisions"}],"predecessor-version":[{"id":209,"href":"https:\/\/camaraextrema.mg.gov.br\/reuniao\/wp-json\/wp\/v2\/pages\/10\/revisions\/209"}],"wp:attachment":[{"href":"https:\/\/camaraextrema.mg.gov.br\/reuniao\/wp-json\/wp\/v2\/media?parent=10"}],"curies":[{"name":"wp","href":"https:\/\/api.w.org\/{rel}","templated":true}]}}