{"id":3,"date":"2025-07-21T13:00:49","date_gmt":"2025-07-21T13:00:49","guid":{"rendered":"https:\/\/camaraextrema.mg.gov.br\/ouvidoria\/?page_id=3"},"modified":"2025-07-22T12:12:42","modified_gmt":"2025-07-22T12:12:42","slug":"politica-de-privacidade","status":"publish","type":"page","link":"https:\/\/camaraextrema.mg.gov.br\/ouvidoria\/politica-de-privacidade\/","title":{"rendered":"Pol\u00edtica de privacidade"},"content":{"rendered":"\t\t<div data-elementor-type=\"wp-page\" data-elementor-id=\"3\" class=\"elementor elementor-3\" data-elementor-post-type=\"page\">\n\t\t\t\t<div class=\"elementor-element elementor-element-7bedc4eb e-flex e-con-boxed e-con e-parent\" data-id=\"7bedc4eb\" data-element_type=\"container\">\n\t\t\t\t\t<div class=\"e-con-inner\">\n\t\t\t\t<div class=\"elementor-element elementor-element-4df3b56 elementor-widget elementor-widget-heading\" data-id=\"4df3b56\" data-element_type=\"widget\" data-widget_type=\"heading.default\">\n\t\t\t\t\t<h2 class=\"elementor-heading-title elementor-size-default\">Pol\u00edtica de privacidade<\/h2>\t\t\t\t<\/div>\n\t\t\t\t<div class=\"elementor-element elementor-element-4911fce3 elementor-widget elementor-widget-text-editor\" data-id=\"4911fce3\" data-element_type=\"widget\" data-widget_type=\"text-editor.default\">\n\t\t\t\t\t\t\t\t\t\n<h3 class=\"wp-block-heading\">INFORMA\u00c7\u00d5ES GERAIS\u00a0<strong>\u00a0\u00a0\u00a0\u00a0\u00a0\u00a0\u00a0\u00a0\u00a0\u00a0\u00a0\u00a0\u00a0\u00a0\u00a0\u00a0\u00a0\u00a0\u00a0\u00a0\u00a0\u00a0\u00a0<\/strong><\/h3>\n\n<p>Este \u201cTermo de Uso e Pol\u00edtica de Privacidade\u201d foi desenvolvido pela C\u00e2mara Municipal de Extrema para descrever as pr\u00e1ticas de privacidade pertinentes \u00e0s informa\u00e7\u00f5es pessoais fornecidas e\/ou coletadas, sempre baseadas nos compromissos com a transpar\u00eancia, confidencialidade, seguran\u00e7a e respeito desta Casa, como forma de demonstrar o armazenamento, uso e prote\u00e7\u00e3o dos dados compartilhados.<\/p>\n\n<p>O website da C\u00c2MARA MUNICIPAL DE EXTREMA foi desenvolvido como meio de comunica\u00e7\u00e3o institucional, com objetivo de propagar a gest\u00e3o transparente e garantir o acesso \u00e0s informa\u00e7\u00f5es com privacidade, credibilidade e seguran\u00e7a, al\u00e9m de servir como meio de intera\u00e7\u00e3o entre os diversos setores da Administra\u00e7\u00e3o P\u00fablica, com divulga\u00e7\u00e3o de informa\u00e7\u00f5es de interesse p\u00fablico, atrav\u00e9s de f\u00e1cil acesso pela internet. Atrav\u00e9s do website e das respectivas redes sociais desta C\u00c2MARA DE EXTREMA \u00e9 poss\u00edvel conferir o trabalho dos vereadores, suas comiss\u00f5es, acompanhar ao vivo sess\u00f5es plen\u00e1rias\u00a0e ter acesso as diversas informa\u00e7\u00f5es institucionais e de funcionamento deste PODER LEGISLATIVO MUNICIPAL.<\/p>\n\n<p>Este \u201cTermo de Uso e Pol\u00edtica de Privacidade\u201d est\u00e1 de acordo com a Lei Federal n. 12.965 de 23 de abril de 2014 (Marco Civil da Internet), com a Lei Federal n. 13.709, de 14 de agosto de 2018 (Lei de Prote\u00e7\u00e3o de Dados Pessoais) e com o Regulamento UE n. 2016\/679 de 27 de abril de 2016 (Regulamento Geral Europeu de Prote\u00e7\u00e3o de Dados Pessoais \u2013 RGPD) e pode ser atualizado sem aviso pr\u00e9vio em decorr\u00eancia de eventual atualiza\u00e7\u00e3o normativa, raz\u00e3o pela qual sua visita frequente \u00e9 muito importante.<\/p>\n\n<h4 class=\"wp-block-heading\"><strong>Lei Geral de Prote\u00e7\u00e3o de Dados Pessoais<\/strong><\/h4>\n\n<p>A Lei n\u00ba 13.709, de 14 de agosto de 2018, conforme disposto em seu artigo 1\u00ba, tem como objetivo regulamentar o tratamento dos dados pessoais, inclusive por meios digitais por pessoa natural ou por pessoa jur\u00eddica de direito p\u00fablico ou privado, visando proteger os direitos fundamentais de liberdade e de privacidade e o livre desenvolvimento da personalidade da pessoa natural.<\/p>\n\n<p>Confira o texto completo:<\/p>\n\n<p>\u00a0<a href=\"http:\/\/www.planalto.gov.br\/ccivil_03\/_ato2015-2018\/2018\/lei\/l13709.htm\">http:\/\/www.planalto.gov.br\/ccivil_03\/_ato2015-2018\/2018\/lei\/l13709.htm<\/a><\/p>\n\n<h4 class=\"wp-block-heading\"><strong>Agentes Respons\u00e1veis pelo Tratamento de Dados<\/strong><\/h4>\n\n<h4 class=\"wp-block-heading\">A LGPD traz figuras importantes no processo de tratamento de dados, sendo:<\/h4>\n\n<p><strong>Controlador\u00a0<\/strong>\u00e9 a pessoa natural ou jur\u00eddica, de direito p\u00fablico ou privado, a quem compete \u00e0s decis\u00f5es referentes ao tratamento de dados pessoais; \u00e9 o respons\u00e1vel pela coleta dos dados e pelas decis\u00f5es sobre o seu tratamento. Nos casos em que o tratamento de dados n\u00e3o for realizado como determina a Lei, o Controlador ser\u00e1 responsabilizado. Os agentes de tratamento ou qualquer outra pessoa que intervenha em uma das fases do tratamento obriga-se a garantir a seguran\u00e7a da informa\u00e7\u00e3o prevista na Lei em rela\u00e7\u00e3o aos dados pessoais, mesmo ap\u00f3s o seu t\u00e9rmino (LGPD, art. 47).<br \/><br \/><strong>Operador\u00a0<\/strong>trata-se de pessoa natural ou jur\u00eddica, de direito p\u00fablico ou privado, que efetivamente realiza o tratamento de dados pessoais de acordo com as orienta\u00e7\u00f5es do Controlador (LGPD, art. 50, VI e VII).<br \/><br \/><strong>Encarregado\u00a0<\/strong>\u00e9 a pessoa indicada pelo Controlador e pelo Operador para atuar como canal de comunica\u00e7\u00e3o entre o Controlador, os titulares dos dados e a Autoridade Nacional de Prote\u00e7\u00e3o de Dados \u2014 ANPD (LGPD, art. 50, VIII) devendo a identidade e as informa\u00e7\u00f5es de contato do encarregado ser divulgadas publicamente, de forma clara e objetiva, preferencialmente no s\u00edtio eletr\u00f4nico do controlador.<\/p>\n\n<h3 class=\"wp-block-heading\">TRATAMENTO E RETEN\u00c7\u00c3O DOS DADOS<\/h3>\n\n<p>Os dados s\u00e3o processados de acordo com a legisla\u00e7\u00e3o e inclu\u00eddos em base de dados eletr\u00f4nicas ou f\u00edsicas, de acordo com as finalidades estabelecidas neste documento e acessadas pelo m\u00ednimo de pessoas necess\u00e1rias ao tratamento, todas obrigadas aos deveres de confidencialidade e seguran\u00e7a. Basicamente, a C\u00e2mara Municipal de Extrema utiliza os seus dados para:<\/p>\n\n<p><strong>\u2022 Atender a finalidade para a qual o dado foi fornecido<\/strong>: N\u00f3s podemos utilizar os dados que o usu\u00e1rio nos forneceu para cumprir a finalidade informada no momento da coleta. Por exemplo, podemos usar seus dados de identifica\u00e7\u00e3o e qualifica\u00e7\u00e3o para permitir a devida execu\u00e7\u00e3o dos servi\u00e7os oferecidos no site, como acesso \u00e0 \u00e1rea exclusiva para sistemas internos, identifica\u00e7\u00e3o m\u00ednima em formul\u00e1rio de solicita\u00e7\u00e3o de informa\u00e7\u00f5es;<\/p>\n\n<p><strong>\u2022 Cumprir com obriga\u00e7\u00f5es legais ou regulat\u00f3rias:<\/strong>\u00a0seus dados pessoais poder\u00e3o ser utilizados para o atendimento de obriga\u00e7\u00f5es dispostas em lei, regula\u00e7\u00f5es de \u00f3rg\u00e3os governamentais, autoridades fiscais, Poder Judici\u00e1rio e\/ou outra autoridade competente;<\/p>\n\n<p><strong>\u2022 Permitir o exerc\u00edcio regular de nossos direitos:<\/strong>\u00a0mesmo ap\u00f3s o t\u00e9rmino da nossa rela\u00e7\u00e3o com voc\u00ea, N\u00f3s poderemos tratar alguns de seus dados pessoais para exercer nossos direitos garantidos em lei, como pol\u00edticas p\u00fablicas;<\/p>\n\n<p>O armazenamento \u00e9 feito em servidores que seguem os crit\u00e9rios internacionais de seguran\u00e7a e retidos pelo tempo necess\u00e1rio para atingir a finalidade para a qual foram coletados, inclusive para fins de cumprimento de quaisquer obriga\u00e7\u00f5es legais, contratuais, de presta\u00e7\u00e3o de contas ou requisi\u00e7\u00e3o de autoridades competentes. Posteriormente, os dados pessoais ser\u00e3o apagados, exceto se houver outras obriga\u00e7\u00f5es legais de armazenamento.<\/p>\n\n<h3 class=\"wp-block-heading\">COMPARTILHAMENTO DOS DADOS<\/h3>\n\n<p>A C\u00e2mara Municipal de Extrema n\u00e3o comercializa os dados pessoais coletados no site ou durante a presta\u00e7\u00e3o de seus servi\u00e7os. Por\u00e9m, h\u00e1 a possibilidade de compartilhamento com nossos contratados, parceiros de neg\u00f3cios e prestadores de servi\u00e7os para finalidade exclusiva de executar tais servi\u00e7os, com base nos seguintes crit\u00e9rios e para as finalidades descritas abaixo:<\/p>\n\n<p>\u2022 Parceiros de neg\u00f3cios, prestadores de servi\u00e7os e outros terceiros: essas empresas trabalham com a C\u00e2mara Municipal de Extrema para viabilizar a presta\u00e7\u00e3o dos servi\u00e7os ao usu\u00e1rio e aprimor\u00e1-los. S\u00e3o exemplos os servi\u00e7os de tecnologia. Esses parceiros recebem as informa\u00e7\u00f5es pessoais dos usu\u00e1rios com a finalidade espec\u00edfica de prestar servi\u00e7os \u00e0 pr\u00f3pria C\u00e2mara Municipal de Extrema e n\u00e3o possuem quaisquer direitos de uso dessas informa\u00e7\u00f5es fora dessa hip\u00f3tese;<\/p>\n\n<p>\u2022 Requisi\u00e7\u00e3o judicial: a C\u00e2mara Municipal de Extrema pode compartilhar dados pessoais em caso de requisi\u00e7\u00e3o judicial ou mediante determina\u00e7\u00e3o de autoridade competente, nos termos da lei; e<\/p>\n\n<p>\u2022 Com a autoriza\u00e7\u00e3o do usu\u00e1rio: Em outros casos n\u00e3o previstos acima, havendo o objetivo de compartilhamento dos dados pessoais e informa\u00e7\u00f5es, enviaremos ao Usu\u00e1rio uma notifica\u00e7\u00e3o com informa\u00e7\u00f5es a respeito de tal compartilhamento para solicitar o seu consentimento, para tal finalidade determinada.<\/p>\n\n<h3 class=\"wp-block-heading\">POL\u00cdTICA DE COOKIES<\/h3>\n\n<p>Ao visitar um site, informa\u00e7\u00f5es pessoais como nome, e-mail e interesses dos usu\u00e1rios s\u00e3o armazenadas em um cookie. Trata-se de uma pr\u00e1tica comum no \u00e2mbito da internet. Os cookies ajudam o site a se lembrar de informa\u00e7\u00f5es sobre a visita, como o seu idioma, por exemplo. Isso pode tornar a sua pr\u00f3xima visita mais f\u00e1cil e o site mais \u00fatil para o usu\u00e1rio.<\/p>\n\n<p>A C\u00e2mara Municipal de Extrema utiliza cookies ou tecnologias semelhantes para coletar informa\u00e7\u00f5es sobre o computador ou dispositivo m\u00f3vel do usu\u00e1rio, com a finalidade de garantir o funcionamento adequado do Site e melhoria na experi\u00eancia de navega\u00e7\u00e3o. Os cookies servem para simplificar a an\u00e1lise do tr\u00e1fego ou indicar quando um site \u00e9 visitado, permitindo o envio de informa\u00e7\u00f5es a usu\u00e1rios, cabendo a esses fazerem a gest\u00e3o desses cookies em seus pr\u00f3prios navegadores de Internet.<\/p>\n\n<p>Cookies de Redes Sociais<\/p>\n\n<p>O site utiliza plugins de redes sociais, que permitem acess\u00e1-las a partir do site. Assim, ao faz\u00ea-lo, os cookies utilizados por elas poder\u00e3o ser armazenados no navegador do usu\u00e1rio.<\/p>\n\n<p>Cada rede social possui sua pr\u00f3pria pol\u00edtica de privacidade e de prote\u00e7\u00e3o de dados pessoais, sendo as pessoas f\u00edsicas ou jur\u00eddicas que as mant\u00eam respons\u00e1veis pelos dados coletados e pelas pr\u00e1ticas de privacidade adotadas.<\/p>\n\n<p>O usu\u00e1rio pode pesquisar, junto \u00e0s redes sociais, informa\u00e7\u00f5es sobre como seus dados pessoais s\u00e3o tratados. A t\u00edtulo informativo, disponibilizamos os seguintes links, a partir dos quais poder\u00e3o ser consultadas as pol\u00edticas de privacidade e de cookies adotadas por algumas das principais redes sociais:<\/p>\n\n<p>Facebook:\u00a0<a href=\"https:\/\/www.facebook.com\/policies\/cookies\/\" target=\"_blank\" rel=\"noreferrer noopener\">https:\/\/www.facebook.com\/policies\/cookies\/<\/a><\/p>\n\n<p>Twitter:\u00a0<a href=\"https:\/\/twitter.com\/pt\/privacy\" target=\"_blank\" rel=\"noreferrer noopener\">https:\/\/twitter.com\/pt\/privacy<\/a><\/p>\n\n<p>Instagram:\u00a0<a href=\"https:\/\/help.instagram.com\/1896641480634370?ref=ig\" target=\"_blank\" rel=\"noreferrer noopener\">https:\/\/help.instagram.com\/1896641480634370?ref=ig<\/a><\/p>\n\n<p>Youtube:\u00a0<a href=\"https:\/\/policies.google.com\/privacy?hl=pt-BR&amp;gl=pt\" target=\"_blank\" rel=\"noreferrer noopener\">https:\/\/policies.google.com\/privacy?hl=pt-BR&amp;gl=pt<\/a><\/p>\n\n<p>Flickr:\u00a0<a href=\"https:\/\/www.flickr.com\/help\/privacy\" target=\"_blank\" rel=\"noreferrer noopener\">https:\/\/www.flickr.com\/help\/privacy<\/a><\/p>\n\n<h3 class=\"wp-block-heading\">Termo de Aceita\u00e7\u00e3o<\/h3>\n\n<p>Ao utilizar os nossos servi\u00e7os, o usu\u00e1rio aceita e concorda com todos os termos e condi\u00e7\u00f5es expostas que se encontram vigentes na data.<br \/><br \/>Alertamos que estes Termos e Condi\u00e7\u00f5es de Uso poder\u00e3o ser modificados a qualquer momento, em virtude de altera\u00e7\u00f5es na legisla\u00e7\u00e3o ou nos servi\u00e7os, em decorr\u00eancia da utiliza\u00e7\u00e3o de novas ferramentas tecnol\u00f3gicas ou, ainda, sempre que, a exclusivo crit\u00e9rio da Institui\u00e7\u00e3o, tais altera\u00e7\u00f5es se fa\u00e7am necess\u00e1rias.<br \/><br \/>A utiliza\u00e7\u00e3o dos servi\u00e7os online disponibilizados pela institui\u00e7\u00e3o por qualquer usu\u00e1rio implicar\u00e1 em expressa aceita\u00e7\u00e3o destes Termos e Condi\u00e7\u00f5es de Uso.<\/p>\n\n<p><strong>D\u00favidas sobre a Pol\u00edtica ou sobre Seus Dados Pessoais:<\/strong>\u00a0Se ap\u00f3s a leitura desta Pol\u00edtica voc\u00ea tiver quaisquer d\u00favidas ou quiser apresentar alguma solicita\u00e7\u00e3o relativa a seus dados pessoais, voc\u00ea pode entrar em contato com o Encarregado por meio deste contato:<\/p>\n\n<p>Tel.: (35) 3435-2623 Email:\u00a0<a href=\"mailto:protecaodedados@camaraextrema.mg.gov.br\">protecaodedados@camaraextrema.mg.gov.br<\/a>.<\/p>\n\t\t\t\t\t\t\t\t<\/div>\n\t\t\t\t\t<\/div>\n\t\t\t\t<\/div>\n\t\t\t\t<\/div>\n\t\t","protected":false},"excerpt":{"rendered":"<p>INFORMA\u00c7\u00d5ES GERAIS\u00a0\u00a0\u00a0\u00a0\u00a0\u00a0\u00a0\u00a0\u00a0\u00a0\u00a0\u00a0\u00a0\u00a0\u00a0\u00a0\u00a0\u00a0\u00a0\u00a0\u00a0\u00a0\u00a0\u00a0 Este \u201cTermo de Uso e Pol\u00edtica de Privacidade\u201d foi desenvolvido pela C\u00e2mara Municipal de Extrema para descrever as pr\u00e1ticas de privacidade pertinentes \u00e0s informa\u00e7\u00f5es pessoais fornecidas e\/ou coletadas, sempre baseadas nos compromissos com a transpar\u00eancia, confidencialidade, seguran\u00e7a e respeito desta Casa, como forma de demonstrar o armazenamento, uso e prote\u00e7\u00e3o dos dados compartilhados. [&hellip;]<\/p>\n","protected":false},"author":1,"featured_media":0,"parent":0,"menu_order":0,"comment_status":"closed","ping_status":"closed","template":"","meta":{"footnotes":""},"class_list":["post-3","page","type-page","status-publish","hentry"],"_links":{"self":[{"href":"https:\/\/camaraextrema.mg.gov.br\/ouvidoria\/wp-json\/wp\/v2\/pages\/3","targetHints":{"allow":["GET"]}}],"collection":[{"href":"https:\/\/camaraextrema.mg.gov.br\/ouvidoria\/wp-json\/wp\/v2\/pages"}],"about":[{"href":"https:\/\/camaraextrema.mg.gov.br\/ouvidoria\/wp-json\/wp\/v2\/types\/page"}],"author":[{"embeddable":true,"href":"https:\/\/camaraextrema.mg.gov.br\/ouvidoria\/wp-json\/wp\/v2\/users\/1"}],"replies":[{"embeddable":true,"href":"https:\/\/camaraextrema.mg.gov.br\/ouvidoria\/wp-json\/wp\/v2\/comments?post=3"}],"version-history":[{"count":5,"href":"https:\/\/camaraextrema.mg.gov.br\/ouvidoria\/wp-json\/wp\/v2\/pages\/3\/revisions"}],"predecessor-version":[{"id":315,"href":"https:\/\/camaraextrema.mg.gov.br\/ouvidoria\/wp-json\/wp\/v2\/pages\/3\/revisions\/315"}],"wp:attachment":[{"href":"https:\/\/camaraextrema.mg.gov.br\/ouvidoria\/wp-json\/wp\/v2\/media?parent=3"}],"curies":[{"name":"wp","href":"https:\/\/api.w.org\/{rel}","templated":true}]}}