{"id":72,"date":"2020-12-11T12:13:51","date_gmt":"2020-12-11T14:13:51","guid":{"rendered":"https:\/\/camaraextrema.mg.gov.br\/controleinterno\/?page_id=72"},"modified":"2024-11-22T18:06:18","modified_gmt":"2024-11-22T21:06:18","slug":"estrutura-administrava-da-camara-municipal-de-extrema","status":"publish","type":"page","link":"https:\/\/camaraextrema.mg.gov.br\/controleinterno\/estrutura-administrava-da-camara-municipal-de-extrema\/","title":{"rendered":"Estrutura administrava da c\u00e2mara municipal de extrema"},"content":{"rendered":"\n<p>A estrutura administrativa da C\u00e2mara Municipal de Extrema, se fundamenta na Resolu\u00e7\u00e3o n* 04\/1999 e suas altera\u00e7\u00f5es.<\/p>\n\n\n\n<p>Com objetivo de identificar os respons\u00e1veis por processos no \u00e2mbito do Poder Legislativo Extremense, o departamento de controle interno atualizou o organograma que hoje \u00e9 representado da&nbsp;seguinte&nbsp;forma.<\/p>\n","protected":false},"excerpt":{"rendered":"<p>A estrutura administrativa da C\u00e2mara Municipal de Extrema, se fundamenta na Resolu\u00e7\u00e3o n* 04\/1999 e suas altera\u00e7\u00f5es. Com objetivo de identificar os respons\u00e1veis por processos no \u00e2mbito do Poder Legislativo Extremense, o departamento de controle interno atualizou o organograma que hoje \u00e9 representado da&nbsp;seguinte&nbsp;forma.<\/p>\n","protected":false},"author":1,"featured_media":420,"parent":0,"menu_order":0,"comment_status":"closed","ping_status":"closed","template":"page-estrutura-administrativa.php","meta":{"footnotes":""},"_links":{"self":[{"href":"https:\/\/camaraextrema.mg.gov.br\/controleinterno\/wp-json\/wp\/v2\/pages\/72"}],"collection":[{"href":"https:\/\/camaraextrema.mg.gov.br\/controleinterno\/wp-json\/wp\/v2\/pages"}],"about":[{"href":"https:\/\/camaraextrema.mg.gov.br\/controleinterno\/wp-json\/wp\/v2\/types\/page"}],"author":[{"embeddable":true,"href":"https:\/\/camaraextrema.mg.gov.br\/controleinterno\/wp-json\/wp\/v2\/users\/1"}],"replies":[{"embeddable":true,"href":"https:\/\/camaraextrema.mg.gov.br\/controleinterno\/wp-json\/wp\/v2\/comments?post=72"}],"version-history":[{"count":4,"href":"https:\/\/camaraextrema.mg.gov.br\/controleinterno\/wp-json\/wp\/v2\/pages\/72\/revisions"}],"predecessor-version":[{"id":421,"href":"https:\/\/camaraextrema.mg.gov.br\/controleinterno\/wp-json\/wp\/v2\/pages\/72\/revisions\/421"}],"wp:featuredmedia":[{"embeddable":true,"href":"https:\/\/camaraextrema.mg.gov.br\/controleinterno\/wp-json\/wp\/v2\/media\/420"}],"wp:attachment":[{"href":"https:\/\/camaraextrema.mg.gov.br\/controleinterno\/wp-json\/wp\/v2\/media?parent=72"}],"curies":[{"name":"wp","href":"https:\/\/api.w.org\/{rel}","templated":true}]}}