{"id":132,"date":"2020-12-11T18:31:35","date_gmt":"2020-12-11T21:31:35","guid":{"rendered":"https:\/\/camaraextrema.mg.gov.br\/controleinterno\/?page_id=132"},"modified":"2020-12-11T18:36:40","modified_gmt":"2020-12-11T21:36:40","slug":"orientacoes-tecnicas-do-controle-interno","status":"publish","type":"page","link":"https:\/\/camaraextrema.mg.gov.br\/controleinterno\/orientacoes-tecnicas-do-controle-interno\/","title":{"rendered":"Orienta\u00e7\u00f5es t\u00e9cnicas do controle interno"},"content":{"rendered":"\n<p>As orienta\u00e7\u00f5es t\u00e9cnicas emitidas pelo controle interno podem ser utilizadas pelos diversos servi\u00e7os da C\u00e2mara Municipal de Extrema, onde o objetivo \u00e9 orientar a administra\u00e7\u00e3o da C\u00e2mara Municipal, bem como, os setores que tenham rela\u00e7\u00e3o com a execu\u00e7\u00e3o dos servi\u00e7os objeto da orienta\u00e7\u00e3o t\u00e9cnica, sobre a necessidade de atendimento das normas estabelecidas pelo TCEMG e demais normas relacionadas ao tema discutido.<\/p>\n","protected":false},"excerpt":{"rendered":"<p>As orienta\u00e7\u00f5es t\u00e9cnicas emitidas pelo controle interno podem ser utilizadas pelos diversos servi\u00e7os da C\u00e2mara Municipal de Extrema, onde o objetivo \u00e9 orientar a administra\u00e7\u00e3o da C\u00e2mara Municipal, bem como, os setores que tenham rela\u00e7\u00e3o com a execu\u00e7\u00e3o dos servi\u00e7os objeto da orienta\u00e7\u00e3o t\u00e9cnica, sobre a necessidade de atendimento das normas estabelecidas pelo TCEMG e [&hellip;]<\/p>\n","protected":false},"author":1,"featured_media":0,"parent":0,"menu_order":0,"comment_status":"closed","ping_status":"closed","template":"page-orientacoes-tecnicas.php","meta":{"footnotes":""},"_links":{"self":[{"href":"https:\/\/camaraextrema.mg.gov.br\/controleinterno\/wp-json\/wp\/v2\/pages\/132"}],"collection":[{"href":"https:\/\/camaraextrema.mg.gov.br\/controleinterno\/wp-json\/wp\/v2\/pages"}],"about":[{"href":"https:\/\/camaraextrema.mg.gov.br\/controleinterno\/wp-json\/wp\/v2\/types\/page"}],"author":[{"embeddable":true,"href":"https:\/\/camaraextrema.mg.gov.br\/controleinterno\/wp-json\/wp\/v2\/users\/1"}],"replies":[{"embeddable":true,"href":"https:\/\/camaraextrema.mg.gov.br\/controleinterno\/wp-json\/wp\/v2\/comments?post=132"}],"version-history":[{"count":3,"href":"https:\/\/camaraextrema.mg.gov.br\/controleinterno\/wp-json\/wp\/v2\/pages\/132\/revisions"}],"predecessor-version":[{"id":136,"href":"https:\/\/camaraextrema.mg.gov.br\/controleinterno\/wp-json\/wp\/v2\/pages\/132\/revisions\/136"}],"wp:attachment":[{"href":"https:\/\/camaraextrema.mg.gov.br\/controleinterno\/wp-json\/wp\/v2\/media?parent=132"}],"curies":[{"name":"wp","href":"https:\/\/api.w.org\/{rel}","templated":true}]}}